{"id":1357,"date":"2025-12-24T13:15:58","date_gmt":"2025-12-24T13:15:58","guid":{"rendered":"https:\/\/rinfridiop.com\/?page_id=1357"},"modified":"2025-12-24T13:15:58","modified_gmt":"2025-12-24T13:15:58","slug":"cookies","status":"publish","type":"page","link":"https:\/\/rinfridiop.com\/?page_id=1357","title":{"rendered":"Cookies"},"content":{"rendered":"<p>Este sitio utiliza cookies para mejorar la experiencia del usuario. Al utilizar este sitio, aceptas el uso que hacemos de las cookies.<\/p>\n<p>\n            \u00bfQu\u00e9 son las cookies? Las cookies son peque\u00f1os archivos de texto almacenados en su ordenador que permiten a los sitios web rastrear y almacenar informaci\u00f3n sobre su interacci\u00f3n con el sitio web. Estos archivos nos ayudan a analizar c\u00f3mo utiliza nuestro sitio web y nos permiten ofrecerle un contenido mejor y m\u00e1s relevante.\n        <\/p>\n<p>\n            \u00bfQu\u00e9 cookies utilizamos? En nuestro sitio web utilizamos los siguientes tipos de cookies:<\/p>\n<p>            &#8211; Cookies esenciales: estas cookies son necesarias para que nuestro sitio web funcione y nos permiten utilizar funciones b\u00e1sicas como iniciar sesi\u00f3n o realizar compras.<\/p>\n<p>            &#8211; Cookies anal\u00edticas: estas cookies nos ayudan a hacer un seguimiento de c\u00f3mo utiliza nuestro sitio web para que podamos mejorar su rendimiento y contenido.<\/p>\n<p>            &#8211; Cookies publicitarias: estas cookies nos permiten ofrecerle publicidad relevante basada en su comportamiento en nuestro sitio web.\n        <\/p>\n<p>\u00bfC\u00f3mo puede gestionar las cookies? Puede activar o desactivar las cookies en este sitio web. Sin embargo, tenga en cuenta que deshabilitar ciertos tipos de cookies puede afectar a la funcionalidad del sitio.<\/p>\n<p>\n            Al hacer clic en el bot\u00f3n \u00abAcepto\u00bb que aparece a continuaci\u00f3n, acepta el uso de todos los tipos de cookies en este sitio. Si no desea autorizar el uso de cookies, puede seleccionar \u00abNo acepto\u00bb y seguir utilizando el sitio, aunque algunas funciones pueden verse restringidas.\n        <\/p>\n<p>Para m\u00e1s informaci\u00f3n sobre nuestra pol\u00edtica de privacidad y las cookies, consulte nuestra p\u00e1gina de Informaci\u00f3n sobre privacidad.<\/p>\n<p>Gracias por su confianza y por utilizar nuestro sitio web.<\/p>\n","protected":false},"excerpt":{"rendered":"<p>Este sitio utiliza cookies para mejorar la experiencia del usuario. Al utilizar este sitio, aceptas el uso que hacemos de las cookies. \u00bfQu\u00e9 son las cookies? Las cookies son peque\u00f1os&hellip;<\/p>\n","protected":false},"author":1,"featured_media":0,"parent":0,"menu_order":0,"comment_status":"closed","ping_status":"closed","template":"","meta":{"footnotes":""},"class_list":["post-1357","page","type-page","status-publish","hentry"],"_links":{"self":[{"href":"https:\/\/rinfridiop.com\/index.php?rest_route=\/wp\/v2\/pages\/1357","targetHints":{"allow":["GET"]}}],"collection":[{"href":"https:\/\/rinfridiop.com\/index.php?rest_route=\/wp\/v2\/pages"}],"about":[{"href":"https:\/\/rinfridiop.com\/index.php?rest_route=\/wp\/v2\/types\/page"}],"author":[{"embeddable":true,"href":"https:\/\/rinfridiop.com\/index.php?rest_route=\/wp\/v2\/users\/1"}],"replies":[{"embeddable":true,"href":"https:\/\/rinfridiop.com\/index.php?rest_route=%2Fwp%2Fv2%2Fcomments&post=1357"}],"version-history":[{"count":1,"href":"https:\/\/rinfridiop.com\/index.php?rest_route=\/wp\/v2\/pages\/1357\/revisions"}],"predecessor-version":[{"id":1358,"href":"https:\/\/rinfridiop.com\/index.php?rest_route=\/wp\/v2\/pages\/1357\/revisions\/1358"}],"wp:attachment":[{"href":"https:\/\/rinfridiop.com\/index.php?rest_route=%2Fwp%2Fv2%2Fmedia&parent=1357"}],"curies":[{"name":"wp","href":"https:\/\/api.w.org\/{rel}","templated":true}]}}