{"id":1361,"date":"2025-12-24T13:16:33","date_gmt":"2025-12-24T13:16:33","guid":{"rendered":"https:\/\/rinfridiop.com\/?page_id=1361"},"modified":"2025-12-24T13:16:33","modified_gmt":"2025-12-24T13:16:33","slug":"terminos-y-condiciones","status":"publish","type":"page","link":"https:\/\/rinfridiop.com\/?page_id=1361","title":{"rendered":"Terminos y condiciones"},"content":{"rendered":"<p><b>Condiciones generales<\/b><\/p>\n<p>Bienvenido al sitio web rinfridiop.com!<\/p>\n<p>Estas condiciones describen las normas y reglas de uso del sitio web rinfridiop.com ubicado en rinfridiop.com.<\/p>\n<p>Al acceder a este sitio web, asumimos que acepta estos t\u00e9rminos y condiciones. No contin\u00fae utilizando el sitio web rinfridiop.com a menos que est\u00e9 de acuerdo en aceptar todos los t\u00e9rminos y condiciones establecidos en esta p\u00e1gina.<\/p>\n<p>La siguiente terminolog\u00eda se aplica a estos T\u00e9rminos y Condiciones, a la Pol\u00edtica de Privacidad y al Aviso de Exenci\u00f3n de Responsabilidad, as\u00ed como a todos los acuerdos: \u00abCliente\u00bb, \u00abusted\u00bb y \u00absu\u00bb se refieren a usted, la persona que visita este sitio web y acata los T\u00e9rminos y Condiciones de la Compa\u00f1\u00eda. \u00abEmpresa\u00bb, \u00abnosotros\u00bb, \u00abnos\u00bb, \u00abnuestro\u00bb y \u00abNOSOTROS\u00bb se refiere a nuestra Empresa. \u00abParte\u00bb, \u00abpartes\u00bb o \u00abnosotros\u00bb se refiere tanto al cliente como a nosotros mismos. Todos los t\u00e9rminos se refieren a la oferta, aceptaci\u00f3n y contraprestaci\u00f3n de pago necesaria para llevar a cabo el proceso de asistir al Cliente de la manera m\u00e1s adecuada para satisfacer las necesidades del Cliente en relaci\u00f3n con la prestaci\u00f3n de dichos servicios por parte de la Empresa de conformidad con la legislaci\u00f3n holandesa. Cualquier uso de la terminolog\u00eda anterior u otras palabras en singular, plural, may\u00fascula y\/o \u00e9l\/ella\/\u00e9l o ellos se considerar\u00e1n intercambiables y, por lo tanto, se refieren a lo mismo.<\/p>\n<p><b>Cookie<\/b><br \/>\nUtilizamos cookies. Al entrar en el sitio web de rinfridiop.com acepta el uso de cookies de acuerdo con la pol\u00edtica de privacidad de rinfridiop.com.<\/p>\n<p>La mayor\u00eda de los sitios web interactivos utilizan cookies para obtener informaci\u00f3n sobre el usuario en cada visita. Nuestro sitio web utiliza cookies para proporcionar funcionalidad en determinadas \u00e1reas y facilitar la experiencia de los visitantes de nuestro sitio web. Algunos de nuestros socios\/socios publicitarios tambi\u00e9n pueden utilizar cookies.<\/p>\n<p><b>Licencia<\/b><br \/>\nA menos que se indique lo contrario, rinfridiop.com y\/o sus licenciantes poseen los derechos de propiedad intelectual de todo el material del sitio web. Todos los derechos de propiedad intelectual est\u00e1n reservados. Puede acceder al material del sitio web rinfridiop.com para su uso personal, con sujeci\u00f3n a las restricciones establecidas en las presentes Condiciones.<\/p>\n<p>No deber\u00eda:<\/p>\n<ul>\n<li>Material del sitio web rinfridiop.com;<\/li>\n<li>vender, alquilar o sublicenciar ning\u00fan material del sitio web rinfridiop.com;<\/li>\n<li>reproducir, duplicar o copiar ning\u00fan material del sitio Web rinfridiop.com;<\/li>\n<li>El contenido del sitio rinfridiop.com.<\/li>\n<\/ul>\n<p>Las secciones de este sitio ofrecen a los usuarios la oportunidad de publicar y compartir opiniones e informaci\u00f3n en \u00e1reas espec\u00edficas del sitio. rinfridiop.com no filtra, edita, publica ni revisa los comentarios antes de que se publiquen en el sitio. Los comentarios no reflejan los puntos de vista y opiniones de rinfridiop.com sus representantes y\/o afiliados. Los comentarios reflejan los puntos de vista y opiniones de la persona que los publica. En la medida en que lo permita la legislaci\u00f3n aplicable, rinfridiop.com no ser\u00e1 responsable de ning\u00fan Comentario ni de ninguna responsabilidad, da\u00f1o o gasto causado y\/o incurrido como resultado del uso y\/o publicaci\u00f3n y\/o aparici\u00f3n de cualquier Comentario en este Sitio Web.<\/p>\n<p>rinfridiop.com se reserva el derecho a supervisar cualquier Comentario y a eliminar cualquier Comentario que pueda considerarse inapropiado, ofensivo o que infrinja estos T\u00e9rminos y condiciones.<\/p>\n<p>Usted garantiza y declara que:<\/p>\n<ul>\n<li>Tiene derecho a publicar comentarios en nuestro sitio web y posee todas las licencias y permisos necesarios para hacerlo;<\/li>\n<li>Los comentarios no infringen ning\u00fan derecho de propiedad intelectual, incluidos, entre otros, derechos de autor, patentes o marcas comerciales de terceros;<\/li>\n<li>Los comentarios no contengan material calumnioso, difamatorio, abusivo, obsceno o ilegal que constituya una invasi\u00f3n de la privacidad.<\/li>\n<li>Los comentarios no se utilizar\u00e1n para anunciar o promocionar actividades comerciales o personales, ni para representar actividades comerciales o ilegales.<\/li>\n<\/ul>\n<p>Por la presente, usted concede a rinfridiop.com una licencia no exclusiva para utilizar, reproducir, modificar y autorizar a otros a utilizar, reproducir y modificar sus Comentarios en cualquier forma, formato o medio.<\/p>\n<p>Hiperenlaces a nuestros materiales Las siguientes organizaciones pueden enlazar con nuestro sitio web sin autorizaci\u00f3n previa por escrito:<\/p>\n<ul>\n<li>Agencias gubernamentales;<\/li>\n<li>motores de b\u00fasqueda;<\/li>\n<li>organizaciones de noticias;<\/li>\n<li>las empresas de cat\u00e1logos en l\u00ednea pueden enlazar con nuestro sitio del mismo modo que enlazan con los sitios de otras empresas que cotizan en bolsa;<\/li>\n<li>empresas acreditadas, con la excepci\u00f3n de organizaciones sin \u00e1nimo de lucro, centros de compra ben\u00e9ficos y fundaciones ben\u00e9ficas, que no pueden enlazar con nuestro sitio.<\/li>\n<\/ul>\n<p>Estas organizaciones pueden enlazar con nuestra p\u00e1gina de inicio, publicaciones u otra informaci\u00f3n del sitio siempre que dicho enlace (a) no sea enga\u00f1oso en modo alguno; (b) no implique un falso patrocinio, respaldo o aprobaci\u00f3n de la parte enlazada y sus productos y\/o servicios; (c) se ajuste al contexto del sitio enlazado.<\/p>\n<p>Podemos considerar y aprobar otras solicitudes de enlace de los siguientes tipos de organizaciones:<\/p>\n<ul>\n<li>Fuentes de informaci\u00f3n com\u00fanmente conocidas para consumidores y\/o empresas;<\/li>\n<li>sitios web de comunidades punto.com;<\/li>\n<li>asociaciones u otros grupos que representen a organizaciones ben\u00e9ficas;<\/li>\n<li>distribuidores de cat\u00e1logos en l\u00ednea;<\/li>\n<li>portales de Internet;<\/li>\n<li>empresas de contabilidad, jur\u00eddicas y de consultor\u00eda;<\/li>\n<li>instituciones educativas y asociaciones profesionales.<\/li>\n<\/ul>\n<p>Accederemos a las solicitudes de enlace de estas organizaciones si determinamos que (a) el enlace no nos perjudica a nosotros ni a nuestras empresas acreditadas; (b) la organizaci\u00f3n no tiene una relaci\u00f3n adversa con nosotros; (c) el beneficio para nosotros de la visibilidad del hiperv\u00ednculo compensa la falta de kilobytes reales; y (d) el enlace remite a informaci\u00f3n general sobre recursos.<\/p>\n<p>Estas organizaciones pueden enlazar con nuestra p\u00e1gina de inicio siempre que el enlace (a) no sea en modo alguno enga\u00f1oso; (b) no implique falsamente el patrocinio, respaldo o aprobaci\u00f3n de la parte enlazada y sus productos o servicios; y (c) se ajuste al contexto del sitio al que se adjunta el fragmento.<\/p>\n<p>Si usted es una de las organizaciones enumeradas en la cl\u00e1usula 2 y desea establecer un enlace con nuestro sitio, deber\u00e1 notific\u00e1rnoslo enviando un correo electr\u00f3nico a <a href=\"mailto:info@rinfridiop.com\">info@rinfridiop.com<\/a>. Incluya su nombre, nombre de la organizaci\u00f3n, datos de contacto y URL del sitio web, una lista de las URL desde las que le gustar\u00eda enlazar a nuestro sitio web y una lista de las URL de nuestros sitios web a los que le gustar\u00eda enlazar. Recibir\u00e1 una respuesta en 2-3 semanas.<\/p>\n<p>Las organizaciones autorizadas pueden enlazar con nuestro sitio web de la siguiente manera:<\/p>\n<ul>\n<li>Mencionando el nombre de nuestra empresa;<\/li>\n<li>o utilizando el Localizador Uniforme de Recursos;<\/li>\n<li>o utilizando cualquier otra descripci\u00f3n de nuestro sitio enlazado que sea apropiada en el contexto y formato del contenido del sitio de la parte enlazada.<\/li>\n<\/ul>\n<p>No se permite el uso del logotipo rinfridiop.com u otro dise\u00f1o art\u00edstico para los enlaces en ausencia de un acuerdo de licencia de marca.<\/p>\n<p><b>IFRAME<\/b><br \/>\nNo est\u00e1 permitido crear marcos alrededor de nuestras p\u00e1ginas web que alteren la presentaci\u00f3n visual o la apariencia de nuestro sitio web en modo alguno sin autorizaci\u00f3n previa y por escrito.<\/p>\n<p><b>Responsabilidad por los contenidos<\/b><br \/>\nno somos responsables de ning\u00fan contenido publicado en su sitio web. Usted se compromete a defendernos frente a cualquier reclamaci\u00f3n derivada del uso de su sitio web. No deben publicarse enlaces en ning\u00fan sitio que puedan interpretarse como difamatorios, obscenos o delictivos, o que infrinjan, violen o vulneren de cualquier otro modo los derechos de terceros.<\/p>\n<p><b>Privacidad<\/b><br \/>\nLea nuestra pol\u00edtica de privacidad<br \/>\nNos reservamos el derecho a eliminar cualquier enlace o referencia espec\u00edfica a nuestro sitio web. Usted se compromete a eliminar inmediatamente cualquier enlace a nuestro sitio si as\u00ed se le solicita. Tambi\u00e9n nos reservamos el derecho a cambiar estos t\u00e9rminos y condiciones y la pol\u00edtica de enlaces en cualquier momento. Al establecer un enlace a nuestro sitio web en cualquier momento, usted acepta quedar vinculado por las presentes condiciones de enlace y atenerse a ellas.<\/p>\n<p>Eliminaci\u00f3n de enlaces de nuestro sitio<br \/>\nSi encuentra un enlace en nuestro sitio que le resulta ofensivo por cualquier motivo, puede ponerse en contacto con nosotros en cualquier momento para comunic\u00e1rnoslo. Tendremos en cuenta las solicitudes de eliminaci\u00f3n de enlaces, pero no estamos obligados a responder directamente al usuario.<\/p>\n<p>No garantizamos la exactitud de la informaci\u00f3n contenida en este sitio, ni su integridad o exactitud; tampoco asumimos obligaci\u00f3n alguna de que el sitio est\u00e9 disponible o de mantener actualizado el material que contiene.<\/p>\n<p><b>Descargo de responsabilidad<\/b><br \/>\nEn la m\u00e1xima medida permitida por la legislaci\u00f3n aplicable, excluimos todas las representaciones, garant\u00edas y condiciones en relaci\u00f3n con nuestro sitio web y su uso de este sitio web. Nada de lo contenido en esta cl\u00e1usula de exenci\u00f3n de responsabilidad:<\/p>\n<ul>\n<li>limitar o excluir nuestra o su responsabilidad por muerte o lesiones personales;<\/li>\n<li>limitar o excluir nuestra o su responsabilidad por fraude o tergiversaci\u00f3n fraudulenta;<\/li>\n<li>limitar nuestra o su responsabilidad de cualquier forma no autorizada por la legislaci\u00f3n aplicable;<\/li>\n<li>excluir cualquier responsabilidad nuestra o suya que no pueda excluirse en virtud de la legislaci\u00f3n aplicable.<\/li>\n<\/ul>\n<p>Las limitaciones y exclusiones de responsabilidad de esta secci\u00f3n y de otras partes de este Descargo de responsabilidad: (a) se rigen por el p\u00e1rrafo anterior; y (b) rigen todas las responsabilidades derivadas de este Descargo de responsabilidad, incluidas las responsabilidades contractuales, extracontractuales y por incumplimiento de obligaciones legales.<\/p>\n<p>Mientras el sitio web y la informaci\u00f3n y los servicios que contiene se ofrezcan de forma gratuita, no seremos responsables de ninguna p\u00e9rdida o da\u00f1o de ning\u00fan tipo.<\/p>\n","protected":false},"excerpt":{"rendered":"<p>Condiciones generales Bienvenido al sitio web rinfridiop.com! Estas condiciones describen las normas y reglas de uso del sitio web rinfridiop.com ubicado en rinfridiop.com. Al acceder a este sitio web, asumimos&hellip;<\/p>\n","protected":false},"author":1,"featured_media":0,"parent":0,"menu_order":0,"comment_status":"closed","ping_status":"closed","template":"","meta":{"footnotes":""},"class_list":["post-1361","page","type-page","status-publish","hentry"],"_links":{"self":[{"href":"https:\/\/rinfridiop.com\/index.php?rest_route=\/wp\/v2\/pages\/1361","targetHints":{"allow":["GET"]}}],"collection":[{"href":"https:\/\/rinfridiop.com\/index.php?rest_route=\/wp\/v2\/pages"}],"about":[{"href":"https:\/\/rinfridiop.com\/index.php?rest_route=\/wp\/v2\/types\/page"}],"author":[{"embeddable":true,"href":"https:\/\/rinfridiop.com\/index.php?rest_route=\/wp\/v2\/users\/1"}],"replies":[{"embeddable":true,"href":"https:\/\/rinfridiop.com\/index.php?rest_route=%2Fwp%2Fv2%2Fcomments&post=1361"}],"version-history":[{"count":1,"href":"https:\/\/rinfridiop.com\/index.php?rest_route=\/wp\/v2\/pages\/1361\/revisions"}],"predecessor-version":[{"id":1362,"href":"https:\/\/rinfridiop.com\/index.php?rest_route=\/wp\/v2\/pages\/1361\/revisions\/1362"}],"wp:attachment":[{"href":"https:\/\/rinfridiop.com\/index.php?rest_route=%2Fwp%2Fv2%2Fmedia&parent=1361"}],"curies":[{"name":"wp","href":"https:\/\/api.w.org\/{rel}","templated":true}]}}